{"id":327,"date":"2019-11-04T14:58:54","date_gmt":"2019-11-04T13:58:54","guid":{"rendered":"https:\/\/ilunargi.com\/?page_id=327"},"modified":"2020-10-20T19:29:05","modified_gmt":"2020-10-20T17:29:05","slug":"home","status":"publish","type":"page","link":"https:\/\/ilunargi.com\/eu\/home\/","title":{"rendered":"HOME"},"content":{"rendered":"\n<style type=\"text\/css\" data-created_by=\"avia_inline_auto\" id=\"style-css-av-jm4raiv3-684e6c5b89270102b47769b05d65ac78\">\n.avia-section.av-jm4raiv3-684e6c5b89270102b47769b05d65ac78{\nbackground-color:#ffffff;\nbackground-image:url(https:\/\/ilunargi.com\/wp-content\/uploads\/2018\/09\/home_hero_bg.svg);\nbackground-repeat:no-repeat;\nbackground-position:100% 100%;\nbackground-attachment:scroll;\n}\n.avia-section.av-jm4raiv3-684e6c5b89270102b47769b05d65ac78 .av-extra-border-element .av-extra-border-inner{\nbackground-color:#ffffff;\n}\n<\/style>\n<div id='av_section_1'  class='avia-section av-jm4raiv3-684e6c5b89270102b47769b05d65ac78 main_color avia-section-no-padding avia-no-border-styling  avia-builder-el-0  el_before_av_section  avia-builder-el-first  avia-bg-style-scroll av-arrow-down-section av-minimum-height av-minimum-height-50 av-height-50  container_wrap sidebar_right'  data-section-bg-repeat='no-repeat' data-av_minimum_height_pc='50' data-av_min_height_opt='50'><div class='container av-section-cont-open' ><main  role=\"main\" itemprop=\"mainContentOfPage\"  class='template-page content  av-content-small alpha units'><div class='post-entry post-entry-type-page post-entry-327'><div class='entry-content-wrapper clearfix'>\n\n<style type=\"text\/css\" data-created_by=\"avia_inline_auto\" id=\"style-css-av-1ptbm-8340785e2bffc76632242b2dfba7ca55\">\n.flex_column.av-1ptbm-8340785e2bffc76632242b2dfba7ca55{\nborder-radius:0px 0px 0px 0px;\npadding:0px 0px 0px 0px;\n}\n<\/style>\n<div  class='flex_column av-1ptbm-8340785e2bffc76632242b2dfba7ca55 av_one_half  avia-builder-el-1  el_before_av_one_half  avia-builder-el-first  first flex_column_div av-zero-column-padding  '     ><section  class='av_textblock_section av-jm4wmo1t-dbc966f86c030d59b51e891b30cca6b1 '   itemscope=\"itemscope\" itemtype=\"https:\/\/schema.org\/CreativeWork\" ><div class='avia_textblock'  itemprop=\"text\" ><h2>Instalaciones el\u00e9ctricas<br \/>\n<span style=\"color: #3fa9f5;\">Instalazio elektrikoak<\/span><\/h2>\n<\/div><\/section><\/div>\n<style type=\"text\/css\" data-created_by=\"avia_inline_auto\" id=\"style-css-av-16nl2-17102c6a8cfd140829d4fab8d5b4f90b\">\n.flex_column.av-16nl2-17102c6a8cfd140829d4fab8d5b4f90b{\nborder-radius:0px 0px 0px 0px;\npadding:0px 0px 0px 0px;\n}\n<\/style>\n<div  class='flex_column av-16nl2-17102c6a8cfd140829d4fab8d5b4f90b av_one_half  avia-builder-el-3  el_after_av_one_half  avia-builder-el-last  flex_column_div av-zero-column-padding  '     ><\/div>\n\n<\/div><\/div><\/main><!-- close content main element --><\/div><div class='av-extra-border-element border-extra-arrow-down'><div class='av-extra-border-outer'><div class='av-extra-border-inner'><\/div><\/div><\/div><\/div>\n<style type=\"text\/css\" data-created_by=\"avia_inline_auto\" id=\"style-css-av-jm4raiv3-a4ec1104cd596f943b4b5671ffcef89e\">\n.avia-section.av-jm4raiv3-a4ec1104cd596f943b4b5671ffcef89e{\nbackground-color:#29abe2;\nbackground-image:unset;\n}\n<\/style>\n<div id='av_section_2'  class='avia-section av-jm4raiv3-a4ec1104cd596f943b4b5671ffcef89e main_color avia-section-no-padding avia-no-border-styling  avia-builder-el-4  el_after_av_section  el_before_av_section  avia-bg-style-scroll av-minimum-height av-minimum-height-50 av-height-50  container_wrap sidebar_right'   data-av_minimum_height_pc='50' data-av_min_height_opt='50'><div class='container av-section-cont-open' ><div class='template-page content  av-content-small alpha units'><div class='post-entry post-entry-type-page post-entry-327'><div class='entry-content-wrapper clearfix'>\n\n<style type=\"text\/css\" data-created_by=\"avia_inline_auto\" id=\"style-css-av-v1wy-eb162b64515d918757ff00a7e4d3c2c7\">\n.flex_column.av-v1wy-eb162b64515d918757ff00a7e4d3c2c7{\nborder-radius:0px 0px 0px 0px;\npadding:0px 0px 0px 0px;\n}\n<\/style>\n<div  class='flex_column av-v1wy-eb162b64515d918757ff00a7e4d3c2c7 av_one_full  avia-builder-el-5  avia-builder-el-no-sibling  first flex_column_div av-zero-column-padding  '     ><style type=\"text\/css\" data-created_by=\"avia_inline_auto\" id=\"style-css-av-juny2omm-a74e8d6f7274363328cecd621d807fb0\">\n#top .av_textblock_section.av-juny2omm-a74e8d6f7274363328cecd621d807fb0 .avia_textblock{\ncolor:#ffffff;\n}\n<\/style>\n<section  class='av_textblock_section av-juny2omm-a74e8d6f7274363328cecd621d807fb0 '   itemscope=\"itemscope\" itemtype=\"https:\/\/schema.org\/CreativeWork\" ><div class='avia_textblock av_inherit_color'  itemprop=\"text\" ><h2>dise\u00f1o, fabricaci\u00f3n, desarrollo de instalaciones el\u00e9ctricas, montajes el\u00e9ctricos, electr\u00f3nicos, mec\u00e1nicos, servicios t\u00e9cnicos de ingenier\u00eda el\u00e9ctrica, dom\u00f3tica, eficiencia energ\u00e9tica, energ\u00eda solar, consultor\u00eda y formaci\u00f3n en temas el\u00e9ctricos.<\/h2>\n<\/div><\/section><\/div>\n\n<\/div><\/div><\/div><!-- close content main div --><\/div><\/div><div id='av_section_3'  class='avia-section av-11z2e-77133ec8383efb79d6b1cc5340d1c20e main_color avia-section-default avia-no-border-styling  avia-builder-el-7  el_after_av_section  el_before_av_section  avia-bg-style-scroll container_wrap sidebar_right'  ><div class='container av-section-cont-open' ><div class='template-page content  av-content-small alpha units'><div class='post-entry post-entry-type-page post-entry-327'><div class='entry-content-wrapper clearfix'>\n\n<style type=\"text\/css\" data-created_by=\"avia_inline_auto\" id=\"style-css-av-592km-9743031f1403c6e1a1382943cbfcfb0f\">\n.flex_column.av-592km-9743031f1403c6e1a1382943cbfcfb0f{\nborder-radius:0px 0px 0px 0px;\npadding:0px 0px 0px 0px;\n}\n<\/style>\n<div  class='flex_column av-592km-9743031f1403c6e1a1382943cbfcfb0f av_one_fourth  avia-builder-el-8  el_before_av_one_fourth  avia-builder-el-first  first flex_column_div av-zero-column-padding  '     ><style type=\"text\/css\" data-created_by=\"avia_inline_auto\" id=\"style-css-av-jp1oxtw2-96794c1e3c8e5ab7930daf23305b65a1\">\n.avia-image-container.av-jp1oxtw2-96794c1e3c8e5ab7930daf23305b65a1 img.avia_image{\nbox-shadow:none;\n}\n.avia-image-container.av-jp1oxtw2-96794c1e3c8e5ab7930daf23305b65a1 .av-image-caption-overlay-center{\ncolor:#ffffff;\n}\n<\/style>\n<div  class='avia-image-container av-jp1oxtw2-96794c1e3c8e5ab7930daf23305b65a1 av-styling- avia-align-center  avia-builder-el-9  avia-builder-el-no-sibling  svg-image'   itemprop=\"image\" itemscope=\"itemscope\" itemtype=\"https:\/\/schema.org\/ImageObject\" ><div class=\"avia-image-container-inner\"><div class=\"avia-image-overlay-wrap\"><img decoding=\"async\" fetchpriority=\"high\" class='wp-image-428 avia-img-lazy-loading-not-428 avia_image ' src=\"https:\/\/ilunargi.com\/wp-content\/uploads\/2018\/11\/Asset-12.svg\" alt='' title='Asset 12'  height=\"240\" width=\"240\"  itemprop=\"thumbnailUrl\"  \/><\/div><\/div><\/div><\/div>\n<style type=\"text\/css\" data-created_by=\"avia_inline_auto\" id=\"style-css-av-592km-2cf42a88b9ea71744e7b6aad15d70222\">\n.flex_column.av-592km-2cf42a88b9ea71744e7b6aad15d70222{\nborder-radius:0px 0px 0px 0px;\npadding:0px 0px 0px 0px;\n}\n<\/style>\n<div  class='flex_column av-592km-2cf42a88b9ea71744e7b6aad15d70222 av_one_fourth  avia-builder-el-10  el_after_av_one_fourth  el_before_av_one_fourth  flex_column_div av-zero-column-padding  '     ><style type=\"text\/css\" data-created_by=\"avia_inline_auto\" id=\"style-css-av-jp1oxtw2-7be56a606a63d8bb86755e20115807e1\">\n.avia-image-container.av-jp1oxtw2-7be56a606a63d8bb86755e20115807e1 img.avia_image{\nbox-shadow:none;\n}\n.avia-image-container.av-jp1oxtw2-7be56a606a63d8bb86755e20115807e1 .av-image-caption-overlay-center{\ncolor:#ffffff;\n}\n<\/style>\n<div  class='avia-image-container av-jp1oxtw2-7be56a606a63d8bb86755e20115807e1 av-styling- avia-align-center  avia-builder-el-11  avia-builder-el-no-sibling  svg-image'   itemprop=\"image\" itemscope=\"itemscope\" itemtype=\"https:\/\/schema.org\/ImageObject\" ><div class=\"avia-image-container-inner\"><div class=\"avia-image-overlay-wrap\"><img decoding=\"async\" fetchpriority=\"high\" class='wp-image-431 avia-img-lazy-loading-not-431 avia_image ' src=\"https:\/\/ilunargi.com\/wp-content\/uploads\/2018\/11\/Asset-15.svg\" alt='' title='Asset 15'  height=\"240\" width=\"240\"  itemprop=\"thumbnailUrl\"  \/><\/div><\/div><\/div><\/div>\n<style type=\"text\/css\" data-created_by=\"avia_inline_auto\" id=\"style-css-av-592km-2cf42a88b9ea71744e7b6aad15d70222\">\n.flex_column.av-592km-2cf42a88b9ea71744e7b6aad15d70222{\nborder-radius:0px 0px 0px 0px;\npadding:0px 0px 0px 0px;\n}\n<\/style>\n<div  class='flex_column av-592km-2cf42a88b9ea71744e7b6aad15d70222 av_one_fourth  avia-builder-el-12  el_after_av_one_fourth  el_before_av_one_fourth  flex_column_div av-zero-column-padding  '     ><style type=\"text\/css\" data-created_by=\"avia_inline_auto\" id=\"style-css-av-jp1oxtw2-5b8e390ff19a1bddd34380296680d539\">\n.avia-image-container.av-jp1oxtw2-5b8e390ff19a1bddd34380296680d539 img.avia_image{\nbox-shadow:none;\n}\n.avia-image-container.av-jp1oxtw2-5b8e390ff19a1bddd34380296680d539 .av-image-caption-overlay-center{\ncolor:#ffffff;\n}\n<\/style>\n<div  class='avia-image-container av-jp1oxtw2-5b8e390ff19a1bddd34380296680d539 av-styling- avia-align-center  avia-builder-el-13  avia-builder-el-no-sibling  svg-image'   itemprop=\"image\" itemscope=\"itemscope\" itemtype=\"https:\/\/schema.org\/ImageObject\" ><div class=\"avia-image-container-inner\"><div class=\"avia-image-overlay-wrap\"><img decoding=\"async\" fetchpriority=\"high\" class='wp-image-423 avia-img-lazy-loading-not-423 avia_image ' src=\"https:\/\/ilunargi.com\/wp-content\/uploads\/2018\/11\/Asset-7.svg\" alt='' title='Asset 7'  height=\"240\" width=\"240\"  itemprop=\"thumbnailUrl\"  \/><\/div><\/div><\/div><\/div>\n<style type=\"text\/css\" data-created_by=\"avia_inline_auto\" id=\"style-css-av-592km-2cf42a88b9ea71744e7b6aad15d70222\">\n.flex_column.av-592km-2cf42a88b9ea71744e7b6aad15d70222{\nborder-radius:0px 0px 0px 0px;\npadding:0px 0px 0px 0px;\n}\n<\/style>\n<div  class='flex_column av-592km-2cf42a88b9ea71744e7b6aad15d70222 av_one_fourth  avia-builder-el-14  el_after_av_one_fourth  avia-builder-el-last  flex_column_div av-zero-column-padding  '     ><style type=\"text\/css\" data-created_by=\"avia_inline_auto\" id=\"style-css-av-jp1oxtw2-bceb2bdee8467f160ebd6c682fc1663c\">\n.avia-image-container.av-jp1oxtw2-bceb2bdee8467f160ebd6c682fc1663c img.avia_image{\nbox-shadow:none;\n}\n.avia-image-container.av-jp1oxtw2-bceb2bdee8467f160ebd6c682fc1663c .av-image-caption-overlay-center{\ncolor:#ffffff;\n}\n<\/style>\n<div  class='avia-image-container av-jp1oxtw2-bceb2bdee8467f160ebd6c682fc1663c av-styling- avia-align-center  avia-builder-el-15  avia-builder-el-no-sibling  svg-image'   itemprop=\"image\" itemscope=\"itemscope\" itemtype=\"https:\/\/schema.org\/ImageObject\" ><div class=\"avia-image-container-inner\"><div class=\"avia-image-overlay-wrap\"><img decoding=\"async\" fetchpriority=\"high\" class='wp-image-420 avia-img-lazy-loading-not-420 avia_image ' src=\"https:\/\/ilunargi.com\/wp-content\/uploads\/2018\/11\/Asset-4.svg\" alt='' title='Asset 4'  height=\"240\" width=\"240\"  itemprop=\"thumbnailUrl\"  \/><\/div><\/div><\/div><\/div>\n\n<\/div><\/div><\/div><!-- close content main div --><\/div><\/div><div id='marcas'  class='avia-section av-2mi0q-54b1b775a759566f67c17b00bd7bc5d0 main_color avia-section-default avia-no-border-styling  avia-builder-el-16  el_after_av_section  el_before_av_section  avia-bg-style-scroll container_wrap sidebar_right'  ><div class='container av-section-cont-open' ><div class='template-page content  av-content-small alpha units'><div class='post-entry post-entry-type-page post-entry-327'><div class='entry-content-wrapper clearfix'>\n\n<style type=\"text\/css\" data-created_by=\"avia_inline_auto\" id=\"style-css-av-kgi8kvae-4a2f6f003f51402393c7c8f9cee0102e\">\n#top .av-special-heading.av-kgi8kvae-4a2f6f003f51402393c7c8f9cee0102e{\npadding-bottom:10px;\n}\nbody .av-special-heading.av-kgi8kvae-4a2f6f003f51402393c7c8f9cee0102e .av-special-heading-tag .heading-char{\nfont-size:25px;\n}\n.av-special-heading.av-kgi8kvae-4a2f6f003f51402393c7c8f9cee0102e .av-subheading{\nfont-size:15px;\n}\n<\/style>\n<div  class='av-special-heading av-kgi8kvae-4a2f6f003f51402393c7c8f9cee0102e av-special-heading-h3  avia-builder-el-17  el_before_av_partner  avia-builder-el-first '><h3 class='av-special-heading-tag '  itemprop=\"headline\"  >PARTNERS<\/h3><div class=\"special-heading-border\"><div class=\"special-heading-inner-border\"><\/div><\/div><\/div>\n<div  class='avia-logo-element-container av-jmgjal6d-01c85173dd1d08dde5e7f3f656286292 av-border-deactivate avia-logo-grid avia-content-slider avia-smallarrow-slider avia-content-grid-active noHover avia-content-slider-even  avia-builder-el-18  el_after_av_heading  avia-builder-el-last  partners-logo avia-content-slider1' ><div class='avia-smallarrow-slider-heading  no-logo-slider-heading '><div class='new-special-heading'>&nbsp;<\/div><\/div><div class=\"avia-content-slider-inner\"><div class=\"slide-entry-wrap\"><div data-avia-tooltip=\"KNX Partner\" class='slide-entry av-10ayi-ac1aebc0fa220b99be2d5b5df647d83f flex_column no_margin av_one_sixth real-thumbnail post-entry slide-entry-overview slide-loop-1 slide-parity-odd post-entry-last first'><a href=\"https:\/\/www.knx.org\/knx-es\/para-profesionales\/comunidad\/socios\/?country=201&amp;name=&amp;company=Ilun+Argi+Elektrizitatea+S.l.&amp;zipcode=&amp;city=&amp;filter=Search&amp;qualification=total\" data-rel='slide-1' class='slide-image' title='' target=\"_blank\" rel=\"noopener noreferrer\"><img decoding=\"async\" fetchpriority=\"high\" width=\"400\" height=\"300\" src=\"https:\/\/ilunargi.com\/wp-content\/uploads\/2020\/10\/KNX_Partner.svg\" class=\"wp-image-527 avia-img-lazy-loading-not-527 attachment-no scaling size-no scaling\" alt=\"\" \/><\/a><\/div><\/div><\/div><\/div>\n\n<\/div><\/div><\/div><!-- close content main div --><\/div><\/div><div id='marcas'  class='avia-section av-2mi0q-54b1b775a759566f67c17b00bd7bc5d0 main_color avia-section-default avia-no-border-styling  avia-builder-el-19  el_after_av_section  avia-builder-el-last  avia-bg-style-scroll container_wrap sidebar_right'  ><div class='container av-section-cont-open' ><div class='template-page content  av-content-small alpha units'><div class='post-entry post-entry-type-page post-entry-327'><div class='entry-content-wrapper clearfix'>\n\n<style type=\"text\/css\" data-created_by=\"avia_inline_auto\" id=\"style-css-av-k2rgzouv-51a322b0f602b1b163d1af316557f800\">\n#top .av-special-heading.av-k2rgzouv-51a322b0f602b1b163d1af316557f800{\npadding-bottom:10px;\n}\nbody .av-special-heading.av-k2rgzouv-51a322b0f602b1b163d1af316557f800 .av-special-heading-tag .heading-char{\nfont-size:25px;\n}\n.av-special-heading.av-k2rgzouv-51a322b0f602b1b163d1af316557f800 .av-subheading{\nfont-size:15px;\n}\n<\/style>\n<div  class='av-special-heading av-k2rgzouv-51a322b0f602b1b163d1af316557f800 av-special-heading-h3  avia-builder-el-20  el_before_av_partner  avia-builder-el-first '><h3 class='av-special-heading-tag '  itemprop=\"headline\"  >ONDORENGO ENPRSEKIN KONTATZEN DUGU<\/h3><div class=\"special-heading-border\"><div class=\"special-heading-inner-border\"><\/div><\/div><\/div>\n<div  class='avia-logo-element-container av-jmgjal6d-ef9f817a2e5379f525f6c8540180effa av-border-deactivate avia-logo-grid avia-content-slider avia-smallarrow-slider avia-content-grid-active noHover avia-content-slider-even  avia-builder-el-21  el_after_av_heading  avia-builder-el-last  partners-logo avia-content-slider2' ><div class='avia-smallarrow-slider-heading  no-logo-slider-heading '><div class='new-special-heading'>&nbsp;<\/div><\/div><div class=\"avia-content-slider-inner\"><div class=\"slide-entry-wrap\"><div data-avia-tooltip=\"ABB\" class='slide-entry av-cawy-18fd0a48e9d6097d28b6367244cc3246 flex_column no_margin av_one_sixth real-thumbnail post-entry slide-entry-overview slide-loop-1 slide-parity-odd  first'><a href=\"https:\/\/new.abb.com\/es\" data-rel='slide-2' class='slide-image' title='' target=\"_blank\" rel=\"noopener noreferrer\"><img decoding=\"async\" fetchpriority=\"high\" width=\"400\" height=\"300\" src=\"https:\/\/ilunargi.com\/wp-content\/uploads\/2019\/03\/ABB.svg\" class=\"wp-image-433 avia-img-lazy-loading-not-433 attachment-no scaling size-no scaling\" alt=\"\" \/><\/a><\/div><div data-avia-tooltip=\"KNX Espa\u00f1a\" class='slide-entry av-2pg1e-408a8f1780c8c306688579a7910d3700 flex_column no_margin av_one_sixth real-thumbnail post-entry slide-entry-overview slide-loop-2 slide-parity-even  '><a href=\"https:\/\/www2.knx.org\/es\/index.php\" data-rel='slide-2' class='slide-image' title='' target=\"_blank\" rel=\"noopener noreferrer\"><img decoding=\"async\" fetchpriority=\"high\" width=\"400\" height=\"300\" src=\"https:\/\/ilunargi.com\/wp-content\/uploads\/2019\/03\/KNX.svg\" class=\"wp-image-434 avia-img-lazy-loading-not-434 attachment-no scaling size-no scaling\" alt=\"\" \/><\/a><\/div><div data-avia-tooltip=\"Niessen\" class='slide-entry av-1vnte-bf18c34ca6983b11aaa21002211f2675 flex_column no_margin av_one_sixth real-thumbnail post-entry slide-entry-overview slide-loop-3 slide-parity-odd  '><a href=\"https:\/\/new.abb.com\/low-voltage\/es\/productos\/niessen\" data-rel='slide-2' class='slide-image' title='' target=\"_blank\" rel=\"noopener noreferrer\"><img decoding=\"async\" fetchpriority=\"high\" width=\"400\" height=\"300\" src=\"https:\/\/ilunargi.com\/wp-content\/uploads\/2019\/03\/Niessen.svg\" class=\"wp-image-437 avia-img-lazy-loading-not-437 attachment-no scaling size-no scaling\" alt=\"\" \/><\/a><\/div><div data-avia-tooltip=\"Schneider Electric\" class='slide-entry av-1hf32-745ac146ff5eb71e614f621d7d2c4205 flex_column no_margin av_one_sixth real-thumbnail post-entry slide-entry-overview slide-loop-4 slide-parity-even  '><a href=\"https:\/\/www.se.com\/es\/es\/\" data-rel='slide-2' class='slide-image' title='' target=\"_blank\" rel=\"noopener noreferrer\"><img decoding=\"async\" fetchpriority=\"high\" width=\"400\" height=\"300\" src=\"https:\/\/ilunargi.com\/wp-content\/uploads\/2019\/03\/Schneider-Electric.svg\" class=\"wp-image-435 avia-img-lazy-loading-not-435 attachment-no scaling size-no scaling\" alt=\"\" \/><\/a><\/div><div data-avia-tooltip=\"Siemens\" class='slide-entry av-xrlm-3a4725b97264203cfae8a204c0f03c23 flex_column no_margin av_one_sixth real-thumbnail post-entry slide-entry-overview slide-loop-5 slide-parity-odd post-entry-last '><a href=\"https:\/\/new.siemens.com\/es\/es\/productos\/building-technologies.html\" data-rel='slide-2' class='slide-image' title='' target=\"_blank\" rel=\"noopener noreferrer\"><img decoding=\"async\" fetchpriority=\"high\" width=\"400\" height=\"300\" src=\"https:\/\/ilunargi.com\/wp-content\/uploads\/2019\/03\/Siemens.svg\" class=\"wp-image-436 avia-img-lazy-loading-not-436 attachment-no scaling size-no scaling\" alt=\"\" \/><\/a><\/div><\/div><\/div><\/div>\n<\/div><\/div><\/div><!-- close content main div --><\/div><\/div><div id='after_section_5'  class='main_color av_default_container_wrap container_wrap sidebar_right'  ><div class='container av-section-cont-open' ><div class='template-page content  av-content-small alpha units'><div class='post-entry post-entry-type-page post-entry-327'><div class='entry-content-wrapper clearfix'>\n","protected":false},"excerpt":{"rendered":"","protected":false},"author":1,"featured_media":0,"parent":0,"menu_order":0,"comment_status":"closed","ping_status":"closed","template":"","meta":{"inline_featured_image":false,"footnotes":""},"class_list":["post-327","page","type-page","status-publish","hentry"],"_links":{"self":[{"href":"https:\/\/ilunargi.com\/eu\/wp-json\/wp\/v2\/pages\/327","targetHints":{"allow":["GET"]}}],"collection":[{"href":"https:\/\/ilunargi.com\/eu\/wp-json\/wp\/v2\/pages"}],"about":[{"href":"https:\/\/ilunargi.com\/eu\/wp-json\/wp\/v2\/types\/page"}],"author":[{"embeddable":true,"href":"https:\/\/ilunargi.com\/eu\/wp-json\/wp\/v2\/users\/1"}],"replies":[{"embeddable":true,"href":"https:\/\/ilunargi.com\/eu\/wp-json\/wp\/v2\/comments?post=327"}],"version-history":[{"count":3,"href":"https:\/\/ilunargi.com\/eu\/wp-json\/wp\/v2\/pages\/327\/revisions"}],"predecessor-version":[{"id":529,"href":"https:\/\/ilunargi.com\/eu\/wp-json\/wp\/v2\/pages\/327\/revisions\/529"}],"wp:attachment":[{"href":"https:\/\/ilunargi.com\/eu\/wp-json\/wp\/v2\/media?parent=327"}],"curies":[{"name":"wp","href":"https:\/\/api.w.org\/{rel}","templated":true}]}}